{"id":6028,"date":"2015-06-04T13:34:03","date_gmt":"2015-06-04T13:34:03","guid":{"rendered":"https:\/\/maroliver.com\/mar-oliver\/"},"modified":"2024-03-07T17:49:18","modified_gmt":"2024-03-07T17:49:18","slug":"mar-oliver","status":"publish","type":"page","link":"https:\/\/maroliver.com\/ca\/mar-oliver\/","title":{"rendered":"Mar Oliver"},"content":{"rendered":"<section class=\"wpb-content-wrapper\"><p>[vc_row gap=&#8221;35&#8243; row_content_width=&#8221;grid&#8221;][vc_column offset=&#8221;vc_col-lg-8 vc_col-md-8 vc_col-sm-offset-0&#8243; el_class=&#8221;contenido-about&#8221;][vc_column_text]<\/p>\n<h1>Mar Oliver<\/h1>\n<p class=\"oi_sub_legend\" style=\"margin-bottom: 20px;\">(Palma de Mallorca, 1980)<\/p>\n<h2>Il\u00b7lustraci\u00f3 El\u00e0stica<\/h2>\n<p>Vaig estudiar <em>Disseny Gr\u00e0fic amb especialitat en Il\u00b7lustraci\u00f3<\/em> a l&#8217;<a href=\"http:\/\/www.escoladisseny.com\/inici\/index.php\" target=\"_blank\" rel=\"noopener noreferrer\">Escuela Superior de Disseny de les Illes Balears<\/a> i amb ganes de m\u00e9s vaig partir a <strong>Val\u00e8ncia<\/strong> a estudiar <em>Belles Arts<\/em> a la <em><a href=\"http:\/\/www.realacademiasancarlos.com\/\" target=\"_blank\" rel=\"noopener noreferrer\">Universitat San Carles<\/a><\/em>.<\/p>\n<p>Amb 25 anys vaig comen\u00e7ar la meva vida professional que ha combinat fins ara <strong>Educaci\u00f3<\/strong> i <strong>Creaci\u00f3<\/strong>.<\/p>\n<p>Com a il\u00b7lustradora he treballat estils molt diferents dins el m\u00f3n editorial i publicitari, a campanyes per a marques com BBVA, ABANCA, ROCHE, NATURGY, ADESLAS, MICHELIN, ORANGE i M\u00c9S.<\/p>\n<p>Ara visc entre <strong>Madrid<\/strong> i <strong>Mallorca<\/strong>.<\/p>\n<p>CLIENTS<\/p>\n<p><a href=\"http:\/\/souveniredicions.com\/ca\/\" target=\"_blank\" rel=\"noopener\">Souvenir Edicions <\/a><\/p>\n<p><a href=\"http:\/\/www.edicionsdeldesproposit.cat\/\" target=\"_blank\" rel=\"noopener\">Edicions del Desprop\u00f2sit<\/a><\/p>\n<p><a href=\"https:\/\/cinemania.20minutos.es\" target=\"_blank\" rel=\"noopener\">Cineman\u00eda<\/a><\/p>\n<p><a href=\"https:\/\/www.facebook.com\/profile.php?id=100008106944540&amp;fref=ts\" target=\"_blank\" rel=\"noopener\">Reclam Edicions<\/a><\/p>\n<p><a href=\"https:\/\/comunicamasa.com\" target=\"_blank\" rel=\"noopener\">Comunica+a<\/a><\/p>\n<p><a href=\"http:\/\/antiestatico.com\/es\/ilustrador\/mar-oliver\/\" target=\"_blank\" rel=\"noopener\">Antiest\u00e1tico<\/a><\/p>\n<p><a href=\"http:\/\/suricata.tv\/friends\/\" target=\"_blank\" rel=\"noopener\">Suricata<\/a><\/p>\n<p><a href=\"https:\/\/451bcn.com\" target=\"_blank\" rel=\"noopener\">451 BCN<\/a><\/p>\n<p><a href=\"http:\/\/aranda-estudio.com\/proyectos\/\" target=\"_blank\" rel=\"noopener\">Aranda.<\/a>[\/vc_column_text][\/vc_column][vc_column width=&#8221;1\/2&#8243; offset=&#8221;vc_col-lg-offset-0 vc_col-lg-4 vc_col-md-offset-0 vc_col-md-4 vc_col-sm-offset-4 vc_col-xs-12&#8243;][vc_single_image image=&#8221;5809&#8243; img_size=&#8221;large&#8221; alignment=&#8221;center&#8221; style=&#8221;vc_box_outline&#8221;][\/vc_column][\/vc_row]<\/p>\n<\/section>","protected":false},"excerpt":{"rendered":"<p>[vc_row gap=&#8221;35&#8243; row_content_width=&#8221;grid&#8221;][vc_column offset=&#8221;vc_col-lg-8 vc_col-md-8 vc_col-sm-offset-0&#8243; el_class=&#8221;contenido-about&#8221;][vc_column_text] Mar Oliver (Palma de Mallorca, 1980) Il\u00b7lustraci\u00f3 El\u00e0stica Vaig estudiar Disseny Gr\u00e0fic amb especialitat en Il\u00b7lustraci\u00f3 a l&#8217;Escuela Superior de Disseny de les Illes Balears i amb ganes de m\u00e9s vaig partir a Val\u00e8ncia a estudiar Belles Arts a la Universitat San Carles. Amb 25 anys vaig comen\u00e7ar [&hellip;]<\/p>\n","protected":false},"author":1,"featured_media":0,"parent":0,"menu_order":14,"comment_status":"closed","ping_status":"closed","template":"","meta":{"footnotes":""},"class_list":["post-6028","page","type-page","status-publish","hentry"],"jetpack_sharing_enabled":true,"_links":{"self":[{"href":"https:\/\/maroliver.com\/ca\/wp-json\/wp\/v2\/pages\/6028","targetHints":{"allow":["GET"]}}],"collection":[{"href":"https:\/\/maroliver.com\/ca\/wp-json\/wp\/v2\/pages"}],"about":[{"href":"https:\/\/maroliver.com\/ca\/wp-json\/wp\/v2\/types\/page"}],"author":[{"embeddable":true,"href":"https:\/\/maroliver.com\/ca\/wp-json\/wp\/v2\/users\/1"}],"replies":[{"embeddable":true,"href":"https:\/\/maroliver.com\/ca\/wp-json\/wp\/v2\/comments?post=6028"}],"version-history":[{"count":4,"href":"https:\/\/maroliver.com\/ca\/wp-json\/wp\/v2\/pages\/6028\/revisions"}],"predecessor-version":[{"id":6762,"href":"https:\/\/maroliver.com\/ca\/wp-json\/wp\/v2\/pages\/6028\/revisions\/6762"}],"wp:attachment":[{"href":"https:\/\/maroliver.com\/ca\/wp-json\/wp\/v2\/media?parent=6028"}],"curies":[{"name":"wp","href":"https:\/\/api.w.org\/{rel}","templated":true}]}}